{"id":14,"date":"2024-06-18T09:00:25","date_gmt":"2024-06-18T07:00:25","guid":{"rendered":"https:\/\/lekuartelocations.com\/?page_id=14"},"modified":"2025-02-19T13:03:48","modified_gmt":"2025-02-19T12:03:48","slug":"cookies","status":"publish","type":"page","link":"https:\/\/lekuartelocations.com\/en\/cookies\/","title":{"rendered":"Cookies policy"},"content":{"rendered":"<style>.elementor-14 .elementor-element.elementor-element-d00fdba{--display:flex;--flex-direction:column;--container-widget-width:100%;--container-widget-height:initial;--container-widget-flex-grow:0;--container-widget-align-self:initial;--flex-wrap-mobile:wrap;--overflow:hidden;--margin-top:0px;--margin-bottom:0px;--margin-left:0px;--margin-right:0px;--padding-top:5em;--padding-bottom:5em;--padding-left:0em;--padding-right:0em;}.elementor-14 .elementor-element.elementor-element-d00fdba:not(.elementor-motion-effects-element-type-background), .elementor-14 .elementor-element.elementor-element-d00fdba > .elementor-motion-effects-container > .elementor-motion-effects-layer{background-color:var( --e-global-color-secondary );}.elementor-14 .elementor-element.elementor-element-9a72eff{--display:flex;--margin-top:0px;--margin-bottom:0px;--margin-left:0px;--margin-right:0px;--padding-top:0px;--padding-bottom:0px;--padding-left:0px;--padding-right:0px;}.elementor-14 .elementor-element.elementor-element-0e72e88{text-align:center;}.elementor-14 .elementor-element.elementor-element-0e72e88 .elementor-heading-title{font-family:var( --e-global-typography-primary-font-family ), Sans-serif;font-size:var( --e-global-typography-primary-font-size );font-weight:var( --e-global-typography-primary-font-weight );text-transform:var( --e-global-typography-primary-text-transform );line-height:var( --e-global-typography-primary-line-height );}.elementor-14 .elementor-element.elementor-element-e4b84ee .elementor-icon-list-icon i{color:var( --e-global-color-primary );transition:color 0.3s;}.elementor-14 .elementor-element.elementor-element-e4b84ee .elementor-icon-list-icon svg{fill:var( --e-global-color-primary );transition:fill 0.3s;}.elementor-14 .elementor-element.elementor-element-e4b84ee{--e-icon-list-icon-size:14px;--icon-vertical-offset:0px;}.elementor-14 .elementor-element.elementor-element-e4b84ee .elementor-icon-list-text{color:var( --e-global-color-449782e );transition:color 0.3s;}.elementor-14 .elementor-element.elementor-element-e4b84ee .elementor-icon-list-item:hover .elementor-icon-list-text{color:var( --e-global-color-accent );}.elementor-14 .elementor-element.elementor-element-2c33733{--display:flex;--flex-direction:column;--container-widget-width:100%;--container-widget-height:initial;--container-widget-flex-grow:0;--container-widget-align-self:initial;--flex-wrap-mobile:wrap;--padding-top:50px;--padding-bottom:50px;--padding-left:0px;--padding-right:0px;}@media(max-width:1024px){.elementor-14 .elementor-element.elementor-element-d00fdba{--padding-top:4em;--padding-bottom:4em;--padding-left:1em;--padding-right:1em;}.elementor-14 .elementor-element.elementor-element-9a72eff{--margin-top:0px;--margin-bottom:0px;--margin-left:0px;--margin-right:0px;}.elementor-14 .elementor-element.elementor-element-0e72e88 .elementor-heading-title{font-size:var( --e-global-typography-primary-font-size );line-height:var( --e-global-typography-primary-line-height );}}@media(max-width:767px){.elementor-14 .elementor-element.elementor-element-9a72eff{--margin-top:0px;--margin-bottom:0px;--margin-left:0px;--margin-right:0px;}.elementor-14 .elementor-element.elementor-element-0e72e88 .elementor-heading-title{font-size:var( --e-global-typography-primary-font-size );line-height:var( --e-global-typography-primary-line-height );}}<\/style>\t\t<div data-elementor-type=\"wp-page\" data-elementor-id=\"14\" class=\"elementor elementor-14\" data-elementor-post-type=\"page\">\n\t\t\t\t<div class=\"elementor-element elementor-element-d00fdba e-flex e-con-boxed e-con e-parent\" data-id=\"d00fdba\" data-element_type=\"container\" data-e-type=\"container\" data-settings=\"{&quot;background_background&quot;:&quot;video&quot;,&quot;background_video_link&quot;:&quot;https:\\\/\\\/www.youtube.com\\\/watch?v=rYx272cOHnk&quot;,&quot;background_play_on_mobile&quot;:&quot;yes&quot;}\">\n\t\t\t\t\t<div class=\"e-con-inner\">\n\t\t<div class=\"elementor-background-video-container\">\n\t\t\t\t\t\t\t<div class=\"elementor-background-video-embed\" role=\"presentation\"><\/div>\n\t\t\t\t\t\t<\/div><div class=\"elementor-element elementor-element-9a72eff e-flex e-con-boxed e-con e-child\" data-id=\"9a72eff\" data-element_type=\"container\" data-e-type=\"container\">\n\t\t\t\t\t<div class=\"e-con-inner\">\n\t\t\t\t<div class=\"elementor-element elementor-element-e4b84ee elementor-icon-list--layout-inline elementor-align-center elementor-list-item-link-full_width elementor-widget elementor-widget-icon-list\" data-id=\"e4b84ee\" data-element_type=\"widget\" data-e-type=\"widget\" data-widget_type=\"icon-list.default\">\n\t\t\t\t<div class=\"elementor-widget-container\">\n\t\t\t\t\t\t\t<ul class=\"elementor-icon-list-items elementor-inline-items\">\n\t\t\t\t\t\t\t<li class=\"elementor-icon-list-item elementor-inline-item\">\n\t\t\t\t\t\t\t\t\t\t\t<a href=\"https:\/\/lekuartelocations.com\/en\">\n\n\t\t\t\t\t\t\t\t\t\t\t<span class=\"elementor-icon-list-text\">Home<\/span>\n\t\t\t\t\t\t\t\t\t\t\t<\/a>\n\t\t\t\t\t\t\t\t\t<\/li>\n\t\t\t\t\t\t\t\t<li class=\"elementor-icon-list-item elementor-inline-item\">\n\t\t\t\t\t\t\t\t\t\t\t<span class=\"elementor-icon-list-icon\">\n\t\t\t\t\t\t\t<svg aria-hidden=\"true\" class=\"e-font-icon-svg e-fas-dot-circle\" viewbox=\"0 0 512 512\" xmlns=\"http:\/\/www.w3.org\/2000\/svg\"><path d=\"M256 8C119.033 8 8 119.033 8 256s111.033 248 248 248 248-111.033 248-248S392.967 8 256 8zm80 248c0 44.112-35.888 80-80 80s-80-35.888-80-80 35.888-80 80-80 80 35.888 80 80z\"><\/path><\/svg>\t\t\t\t\t\t<\/span>\n\t\t\t\t\t\t\t\t\t\t<span class=\"elementor-icon-list-text\"><\/span>\n\t\t\t\t\t\t\t\t\t<\/li>\n\t\t\t\t\t\t<\/ul>\n\t\t\t\t\t\t<\/div>\n\t\t\t\t<\/div>\n\t\t\t\t\t<\/div>\n\t\t\t\t<\/div>\n\t\t\t\t\t<\/div>\n\t\t\t\t<\/div>\n\t\t<div class=\"elementor-element elementor-element-2c33733 e-flex e-con-boxed e-con e-parent\" data-id=\"2c33733\" data-element_type=\"container\" data-e-type=\"container\">\n\t\t\t\t\t<div class=\"e-con-inner\">\n\t\t\t\t<div class=\"elementor-element elementor-element-f192049 elementor-widget elementor-widget-text-editor\" data-id=\"f192049\" data-element_type=\"widget\" data-e-type=\"widget\" data-widget_type=\"text-editor.default\">\n\t\t\t\t<div class=\"elementor-widget-container\">\n\t\t\t\t\t\t\t\t\t<p>Access to this Website may involve the use of cookies. Cookies are small amounts of information that are stored in the browser used by each User - in the different devices that may be used to browse - so that the server remembers certain information that will subsequently be read only by the server that implemented it. Cookies make browsing easier, more user-friendly and do not damage the browsing device.<\/p><p>Cookies are automatic procedures for collecting information relating to the preferences determined by the User during his\/her visit to the Website in order to recognise him\/her as a User, and to personalise his\/her experience and use of the Website, and may also, for example, help to identify and resolve errors.<\/p><p>The information collected through cookies may include the date and time of visits to the Website, the pages viewed, the time spent on the Website and the sites visited just before and just after the Website. However, no cookie allows the cookie to contact the User's telephone number or any other means of personal contact. No cookie can extract information from the User's hard drive or steal personal information. The only way for the User's private information to be part of the Cookie file is for the User to personally give that information to the server.<\/p><p>Cookies that allow a person to be identified are considered personal data. Therefore, the aforementioned Privacy Policy shall apply to them. In this regard, the use of cookies requires the consent of the User. This consent will be communicated, on the basis of a genuine choice, offered by means of an affirmative and positive decision, prior to the initial processing, removable and documented.<\/p><div class=\"\"><h4>Own cookies<\/h4><p>These are cookies that are sent to the User's computer or device and are exclusively managed by\u00a0<span class=\"blanc-space ng-binding\">Lekuarte Locations<\/span>\u00a0for the better functioning of the Website. The information collected is used to improve the quality of the Website and its Content and your experience as a User. These cookies make it possible to recognise the User as a recurring visitor to the Website and to adapt the content to offer him\/her content that is tailored to his\/her preferences.<\/p><\/div><div class=\"\"><h4>Social media cookies<\/h4><p><span class=\"blanc-space ng-binding\">Lekuarte Locations<\/span>\u00a0incorporates social media plugins, which allow access to social networks from the Website. For this reason, social network cookies may be stored in the User's browser. The owners of these social networks have their own data protection and cookie policies, being themselves, in each case, responsible for their own files and their own privacy practices. The User should refer to them for information about these cookies and, where appropriate, the processing of their personal data. For information purposes only, the links where these privacy and\/or cookie policies may be consulted are indicated below:<\/p><ul><li>Facebook:\u00a0<a class=\"text-info\" href=\"https:\/\/www.facebook.com\/policies\/cookies\/\">https:\/\/www.facebook.com\/policies\/cookies\/<\/a><\/li><li>Twitter:\u00a0<a class=\"text-info\" href=\"https:\/\/twitter.com\/es\/privacy\">https:\/\/twitter.com\/es\/privacy<\/a><\/li><li>Instagram:\u00a0<a class=\"text-info\" href=\"https:\/\/help.instagram.com\/1896641480634370?ref=ig\">https:\/\/help.instagram.com\/1896641480634370?ref=ig<\/a><\/li><li>YouTube:\u00a0<a class=\"text-info\" href=\"https:\/\/policies.google.com\/privacy?hl=es-419&amp;gl=mx\">https:\/\/policies.google.com\/privacy?hl=es-419&amp;gl=mx<\/a><\/li><li>Pinterest:\u00a0<a class=\"text-info\" href=\"https:\/\/policy.pinterest.com\/es\/privacy-policy\">https:\/\/policy.pinterest.com\/es\/privacy-policy<\/a><\/li><li>LinkedIn:\u00a0<a class=\"text-info\" href=\"https:\/\/www.linkedin.com\/legal\/cookie-policy?trk=hp-cookies\">https:\/\/www.linkedin.com\/legal\/cookie-policy?trk=hp-cookies<\/a><\/li><\/ul><\/div><h4>Disabling, rejecting and deleting cookies<\/h4><p>The User may disable, reject and delete cookies - in whole or in part - installed on their device by configuring their browser (including, for example, Chrome, Firefox, Safari, Explorer). In this regard, the procedures for rejecting and deleting cookies may differ from one Internet browser to another. Consequently, the User must follow the instructions provided by the Internet browser that he\/she is using. In the event that you reject the use of cookies - totally or partially - you may continue to use the Website, although the use of some of its features may be limited.<\/p>\t\t\t\t\t\t\t\t<\/div>\n\t\t\t\t<\/div>\n\t\t\t\t\t<\/div>\n\t\t\t\t<\/div>\n\t\t\t\t<\/div>","protected":false},"excerpt":{"rendered":"<p>Inicio El acceso a este Sitio Web puede implicar la utilizaci\u00f3n de cookies. Las cookies son peque\u00f1as cantidades de informaci\u00f3n que se almacenan en el navegador utilizado por cada Usuario \u2014en los distintos dispositivos que pueda utilizar para navegar\u2014 para que el servidor recuerde cierta informaci\u00f3n que posteriormente y \u00fanicamente el servidor que la implement\u00f3 [&hellip;]<\/p>\n","protected":false},"author":2,"featured_media":0,"parent":0,"menu_order":0,"comment_status":"closed","ping_status":"closed","template":"elementor_header_footer","meta":{"_joinchat":[],"footnotes":""},"class_list":["post-14","page","type-page","status-publish","hentry"],"yoast_head":"<!-- This site is optimized with the Yoast SEO plugin v26.8 - https:\/\/yoast.com\/product\/yoast-seo-wordpress\/ -->\n<title>Pol\u00edtica de cookies - Lekuarte Locations<\/title>\n<meta name=\"robots\" content=\"noindex, follow\" \/>\n<meta property=\"og:locale\" content=\"en_GB\" \/>\n<meta property=\"og:type\" content=\"article\" \/>\n<meta property=\"og:title\" content=\"Pol\u00edtica de cookies - Lekuarte Locations\" \/>\n<meta property=\"og:description\" content=\"Inicio El acceso a este Sitio Web puede implicar la utilizaci\u00f3n de cookies. Las cookies son peque\u00f1as cantidades de informaci\u00f3n que se almacenan en el navegador utilizado por cada Usuario \u2014en los distintos dispositivos que pueda utilizar para navegar\u2014 para que el servidor recuerde cierta informaci\u00f3n que posteriormente y \u00fanicamente el servidor que la implement\u00f3 [&hellip;]\" \/>\n<meta property=\"og:url\" content=\"https:\/\/lekuartelocations.com\/en\/cookies\/\" \/>\n<meta property=\"og:site_name\" content=\"Lekuarte Locations\" \/>\n<meta property=\"article:modified_time\" content=\"2025-02-19T12:03:48+00:00\" \/>\n<meta name=\"twitter:card\" content=\"summary_large_image\" \/>\n<script type=\"application\/ld+json\" class=\"yoast-schema-graph\">{\"@context\":\"https:\/\/schema.org\",\"@graph\":[{\"@type\":\"WebPage\",\"@id\":\"https:\/\/lekuartelocations.com\/cookies\/\",\"url\":\"https:\/\/lekuartelocations.com\/cookies\/\",\"name\":\"Pol\u00edtica de cookies - Lekuarte Locations\",\"isPartOf\":{\"@id\":\"https:\/\/lekuartelocations.com\/#website\"},\"datePublished\":\"2024-06-18T07:00:25+00:00\",\"dateModified\":\"2025-02-19T12:03:48+00:00\",\"breadcrumb\":{\"@id\":\"https:\/\/lekuartelocations.com\/cookies\/#breadcrumb\"},\"inLanguage\":\"en-GB\",\"potentialAction\":[{\"@type\":\"ReadAction\",\"target\":[\"https:\/\/lekuartelocations.com\/cookies\/\"]}]},{\"@type\":\"BreadcrumbList\",\"@id\":\"https:\/\/lekuartelocations.com\/cookies\/#breadcrumb\",\"itemListElement\":[{\"@type\":\"ListItem\",\"position\":1,\"name\":\"Portada\",\"item\":\"https:\/\/lekuartelocations.com\/\"},{\"@type\":\"ListItem\",\"position\":2,\"name\":\"Pol\u00edtica de cookies\"}]},{\"@type\":\"WebSite\",\"@id\":\"https:\/\/lekuartelocations.com\/#website\",\"url\":\"https:\/\/lekuartelocations.com\/\",\"name\":\"Lekuarte Locations\",\"description\":\"Donde el arte encuentra lugar\",\"publisher\":{\"@id\":\"https:\/\/lekuartelocations.com\/#organization\"},\"potentialAction\":[{\"@type\":\"SearchAction\",\"target\":{\"@type\":\"EntryPoint\",\"urlTemplate\":\"https:\/\/lekuartelocations.com\/?s={search_term_string}\"},\"query-input\":{\"@type\":\"PropertyValueSpecification\",\"valueRequired\":true,\"valueName\":\"search_term_string\"}}],\"inLanguage\":\"en-GB\"},{\"@type\":\"Organization\",\"@id\":\"https:\/\/lekuartelocations.com\/#organization\",\"name\":\"Lekuarte Locations\",\"url\":\"https:\/\/lekuartelocations.com\/\",\"logo\":{\"@type\":\"ImageObject\",\"inLanguage\":\"en-GB\",\"@id\":\"https:\/\/lekuartelocations.com\/#\/schema\/logo\/image\/\",\"url\":\"https:\/\/lekuartelocations.com\/wp-content\/uploads\/2025\/02\/WhatsApp_Image_2025-02-13_at_14.57.56-removebg-preview.png\",\"contentUrl\":\"https:\/\/lekuartelocations.com\/wp-content\/uploads\/2025\/02\/WhatsApp_Image_2025-02-13_at_14.57.56-removebg-preview.png\",\"width\":666,\"height\":375,\"caption\":\"Lekuarte Locations\"},\"image\":{\"@id\":\"https:\/\/lekuartelocations.com\/#\/schema\/logo\/image\/\"}}]}<\/script>\n<!-- \/ Yoast SEO plugin. -->","yoast_head_json":{"title":"Pol\u00edtica de cookies - Lekuarte Locations","robots":{"index":"noindex","follow":"follow"},"og_locale":"en_GB","og_type":"article","og_title":"Pol\u00edtica de cookies - Lekuarte Locations","og_description":"Inicio El acceso a este Sitio Web puede implicar la utilizaci\u00f3n de cookies. Las cookies son peque\u00f1as cantidades de informaci\u00f3n que se almacenan en el navegador utilizado por cada Usuario \u2014en los distintos dispositivos que pueda utilizar para navegar\u2014 para que el servidor recuerde cierta informaci\u00f3n que posteriormente y \u00fanicamente el servidor que la implement\u00f3 [&hellip;]","og_url":"https:\/\/lekuartelocations.com\/en\/cookies\/","og_site_name":"Lekuarte Locations","article_modified_time":"2025-02-19T12:03:48+00:00","twitter_card":"summary_large_image","schema":{"@context":"https:\/\/schema.org","@graph":[{"@type":"WebPage","@id":"https:\/\/lekuartelocations.com\/cookies\/","url":"https:\/\/lekuartelocations.com\/cookies\/","name":"Pol\u00edtica de cookies - Lekuarte Locations","isPartOf":{"@id":"https:\/\/lekuartelocations.com\/#website"},"datePublished":"2024-06-18T07:00:25+00:00","dateModified":"2025-02-19T12:03:48+00:00","breadcrumb":{"@id":"https:\/\/lekuartelocations.com\/cookies\/#breadcrumb"},"inLanguage":"en-GB","potentialAction":[{"@type":"ReadAction","target":["https:\/\/lekuartelocations.com\/cookies\/"]}]},{"@type":"BreadcrumbList","@id":"https:\/\/lekuartelocations.com\/cookies\/#breadcrumb","itemListElement":[{"@type":"ListItem","position":1,"name":"Portada","item":"https:\/\/lekuartelocations.com\/"},{"@type":"ListItem","position":2,"name":"Pol\u00edtica de cookies"}]},{"@type":"WebSite","@id":"https:\/\/lekuartelocations.com\/#website","url":"https:\/\/lekuartelocations.com\/","name":"Lekuarte Locations","description":"Donde el arte encuentra lugar","publisher":{"@id":"https:\/\/lekuartelocations.com\/#organization"},"potentialAction":[{"@type":"SearchAction","target":{"@type":"EntryPoint","urlTemplate":"https:\/\/lekuartelocations.com\/?s={search_term_string}"},"query-input":{"@type":"PropertyValueSpecification","valueRequired":true,"valueName":"search_term_string"}}],"inLanguage":"en-GB"},{"@type":"Organization","@id":"https:\/\/lekuartelocations.com\/#organization","name":"Lekuarte Locations","url":"https:\/\/lekuartelocations.com\/","logo":{"@type":"ImageObject","inLanguage":"en-GB","@id":"https:\/\/lekuartelocations.com\/#\/schema\/logo\/image\/","url":"https:\/\/lekuartelocations.com\/wp-content\/uploads\/2025\/02\/WhatsApp_Image_2025-02-13_at_14.57.56-removebg-preview.png","contentUrl":"https:\/\/lekuartelocations.com\/wp-content\/uploads\/2025\/02\/WhatsApp_Image_2025-02-13_at_14.57.56-removebg-preview.png","width":666,"height":375,"caption":"Lekuarte Locations"},"image":{"@id":"https:\/\/lekuartelocations.com\/#\/schema\/logo\/image\/"}}]}},"_links":{"self":[{"href":"https:\/\/lekuartelocations.com\/en\/wp-json\/wp\/v2\/pages\/14","targetHints":{"allow":["GET"]}}],"collection":[{"href":"https:\/\/lekuartelocations.com\/en\/wp-json\/wp\/v2\/pages"}],"about":[{"href":"https:\/\/lekuartelocations.com\/en\/wp-json\/wp\/v2\/types\/page"}],"author":[{"embeddable":true,"href":"https:\/\/lekuartelocations.com\/en\/wp-json\/wp\/v2\/users\/2"}],"replies":[{"embeddable":true,"href":"https:\/\/lekuartelocations.com\/en\/wp-json\/wp\/v2\/comments?post=14"}],"version-history":[{"count":7,"href":"https:\/\/lekuartelocations.com\/en\/wp-json\/wp\/v2\/pages\/14\/revisions"}],"predecessor-version":[{"id":786,"href":"https:\/\/lekuartelocations.com\/en\/wp-json\/wp\/v2\/pages\/14\/revisions\/786"}],"wp:attachment":[{"href":"https:\/\/lekuartelocations.com\/en\/wp-json\/wp\/v2\/media?parent=14"}],"curies":[{"name":"wp","href":"https:\/\/api.w.org\/{rel}","templated":true}]}}