{"id":551,"date":"2025-01-17T07:59:26","date_gmt":"2025-01-17T06:59:26","guid":{"rendered":"https:\/\/lekuartelocations.com\/?page_id=551"},"modified":"2025-01-17T08:32:35","modified_gmt":"2025-01-17T07:32:35","slug":"gestion-de-permisos","status":"publish","type":"page","link":"https:\/\/lekuartelocations.com\/en\/servicios\/gestion-de-permisos\/","title":{"rendered":"Permit management"},"content":{"rendered":"<div data-elementor-type=\"wp-page\" data-elementor-id=\"551\" class=\"elementor elementor-551\" data-elementor-post-type=\"page\">\n\t\t\t\t<div class=\"elementor-element elementor-element-6beadef e-flex e-con-boxed e-con e-parent\" data-id=\"6beadef\" data-element_type=\"container\" data-e-type=\"container\" data-settings=\"{&quot;background_background&quot;:&quot;video&quot;,&quot;background_video_link&quot;:&quot;https:\\\/\\\/www.youtube.com\\\/watch?v=rYx272cOHnk&quot;,&quot;background_play_on_mobile&quot;:&quot;yes&quot;}\">\n\t\t\t\t\t<div class=\"e-con-inner\">\n\t\t<div class=\"elementor-background-video-container\">\n\t\t\t\t\t\t\t<div class=\"elementor-background-video-embed\" role=\"presentation\"><\/div>\n\t\t\t\t\t\t<\/div><div class=\"elementor-element elementor-element-13d4df6 e-flex e-con-boxed e-con e-child\" data-id=\"13d4df6\" data-element_type=\"container\" data-e-type=\"container\">\n\t\t\t\t\t<div class=\"e-con-inner\">\n\t\t\t\t<div class=\"elementor-element elementor-element-4eecc39 elementor-icon-list--layout-inline elementor-align-center elementor-list-item-link-full_width elementor-widget elementor-widget-icon-list\" data-id=\"4eecc39\" data-element_type=\"widget\" data-e-type=\"widget\" data-widget_type=\"icon-list.default\">\n\t\t\t\t<div class=\"elementor-widget-container\">\n\t\t\t\t\t\t\t<ul class=\"elementor-icon-list-items elementor-inline-items\">\n\t\t\t\t\t\t\t<li class=\"elementor-icon-list-item elementor-inline-item\">\n\t\t\t\t\t\t\t\t\t\t\t<a href=\"https:\/\/lekuartelocations.com\/en\">\n\n\t\t\t\t\t\t\t\t\t\t\t<span class=\"elementor-icon-list-text\">Home<\/span>\n\t\t\t\t\t\t\t\t\t\t\t<\/a>\n\t\t\t\t\t\t\t\t\t<\/li>\n\t\t\t\t\t\t\t\t<li class=\"elementor-icon-list-item elementor-inline-item\">\n\t\t\t\t\t\t\t\t\t\t\t<a href=\"https:\/\/lekuartelocations.com\/en\/servicios\/\">\n\n\t\t\t\t\t\t\t\t\t\t\t\t<span class=\"elementor-icon-list-icon\">\n\t\t\t\t\t\t\t<svg aria-hidden=\"true\" class=\"e-font-icon-svg e-fas-dot-circle\" viewbox=\"0 0 512 512\" xmlns=\"http:\/\/www.w3.org\/2000\/svg\"><path d=\"M256 8C119.033 8 8 119.033 8 256s111.033 248 248 248 248-111.033 248-248S392.967 8 256 8zm80 248c0 44.112-35.888 80-80 80s-80-35.888-80-80 35.888-80 80-80 80 35.888 80 80z\"><\/path><\/svg>\t\t\t\t\t\t<\/span>\n\t\t\t\t\t\t\t\t\t\t<span class=\"elementor-icon-list-text\">Services<\/span>\n\t\t\t\t\t\t\t\t\t\t\t<\/a>\n\t\t\t\t\t\t\t\t\t<\/li>\n\t\t\t\t\t\t\t\t<li class=\"elementor-icon-list-item elementor-inline-item\">\n\t\t\t\t\t\t\t\t\t\t\t<span class=\"elementor-icon-list-icon\">\n\t\t\t\t\t\t\t<svg aria-hidden=\"true\" class=\"e-font-icon-svg e-fas-dot-circle\" viewbox=\"0 0 512 512\" xmlns=\"http:\/\/www.w3.org\/2000\/svg\"><path d=\"M256 8C119.033 8 8 119.033 8 256s111.033 248 248 248 248-111.033 248-248S392.967 8 256 8zm80 248c0 44.112-35.888 80-80 80s-80-35.888-80-80 35.888-80 80-80 80 35.888 80 80z\"><\/path><\/svg>\t\t\t\t\t\t<\/span>\n\t\t\t\t\t\t\t\t\t\t<span class=\"elementor-icon-list-text\"><\/span>\n\t\t\t\t\t\t\t\t\t<\/li>\n\t\t\t\t\t\t<\/ul>\n\t\t\t\t\t\t<\/div>\n\t\t\t\t<\/div>\n\t\t\t\t\t<\/div>\n\t\t\t\t<\/div>\n\t\t\t\t\t<\/div>\n\t\t\t\t<\/div>\n\t\t<div class=\"elementor-element elementor-element-ad5e50e e-flex e-con-boxed e-con e-parent\" data-id=\"ad5e50e\" data-element_type=\"container\" data-e-type=\"container\">\n\t\t\t\t\t<div class=\"e-con-inner\">\n\t\t<div class=\"elementor-element elementor-element-bce4fd0 e-con-full e-flex e-con e-child\" data-id=\"bce4fd0\" data-element_type=\"container\" data-e-type=\"container\" data-settings=\"{&quot;background_background&quot;:&quot;classic&quot;}\">\n\t\t\t\t<div class=\"elementor-element elementor-element-114c481 elementor-widget elementor-widget-spacer\" data-id=\"114c481\" data-element_type=\"widget\" data-e-type=\"widget\" data-widget_type=\"spacer.default\">\n\t\t\t\t<div class=\"elementor-widget-container\">\n\t\t\t\t\t\t\t<div class=\"elementor-spacer\">\n\t\t\t<div class=\"elementor-spacer-inner\"><\/div>\n\t\t<\/div>\n\t\t\t\t\t\t<\/div>\n\t\t\t\t<\/div>\n\t\t\t\t<\/div>\n\t\t<div class=\"elementor-element elementor-element-db1d739 e-con-full e-flex e-con e-child\" data-id=\"db1d739\" data-element_type=\"container\" data-e-type=\"container\">\n\t\t\t\t<div class=\"elementor-element elementor-element-aa1504c elementor-widget elementor-widget-text-editor\" data-id=\"aa1504c\" data-element_type=\"widget\" data-e-type=\"widget\" data-widget_type=\"text-editor.default\">\n\t\t\t\t<div class=\"elementor-widget-container\">\n\t\t\t\t\t\t\t\t\tWe facilitate the management of permits for filming and events, saving you the hassle of dealing with bureaucratic procedures. We are familiar with the administrative requirements and know how to handle the paperwork.\t\t\t\t\t\t\t\t<\/div>\n\t\t\t\t<\/div>\n\t\t\t\t<div class=\"elementor-element elementor-element-1a195c4 elementor-icon-list--layout-traditional elementor-list-item-link-full_width elementor-widget elementor-widget-icon-list\" data-id=\"1a195c4\" data-element_type=\"widget\" data-e-type=\"widget\" data-widget_type=\"icon-list.default\">\n\t\t\t\t<div class=\"elementor-widget-container\">\n\t\t\t\t\t\t\t<ul class=\"elementor-icon-list-items\">\n\t\t\t\t\t\t\t<li class=\"elementor-icon-list-item\">\n\t\t\t\t\t\t\t\t\t\t\t<span class=\"elementor-icon-list-icon\">\n\t\t\t\t\t\t\t<svg aria-hidden=\"true\" class=\"e-font-icon-svg e-fas-arrow-alt-circle-right\" viewbox=\"0 0 512 512\" xmlns=\"http:\/\/www.w3.org\/2000\/svg\"><path d=\"M256 8c137 0 248 111 248 248S393 504 256 504 8 393 8 256 119 8 256 8zM140 300h116v70.9c0 10.7 13 16.1 20.5 8.5l114.3-114.9c4.7-4.7 4.7-12.2 0-16.9l-114.3-115c-7.6-7.6-20.5-2.2-20.5 8.5V212H140c-6.6 0-12 5.4-12 12v64c0 6.6 5.4 12 12 12z\"><\/path><\/svg>\t\t\t\t\t\t<\/span>\n\t\t\t\t\t\t\t\t\t\t<span class=\"elementor-icon-list-text\">Negotiation of tariffs and contracts<\/span>\n\t\t\t\t\t\t\t\t\t<\/li>\n\t\t\t\t\t\t\t\t<li class=\"elementor-icon-list-item\">\n\t\t\t\t\t\t\t\t\t\t\t<span class=\"elementor-icon-list-icon\">\n\t\t\t\t\t\t\t<svg aria-hidden=\"true\" class=\"e-font-icon-svg e-fas-arrow-alt-circle-right\" viewbox=\"0 0 512 512\" xmlns=\"http:\/\/www.w3.org\/2000\/svg\"><path d=\"M256 8c137 0 248 111 248 248S393 504 256 504 8 393 8 256 119 8 256 8zM140 300h116v70.9c0 10.7 13 16.1 20.5 8.5l114.3-114.9c4.7-4.7 4.7-12.2 0-16.9l-114.3-115c-7.6-7.6-20.5-2.2-20.5 8.5V212H140c-6.6 0-12 5.4-12 12v64c0 6.6 5.4 12 12 12z\"><\/path><\/svg>\t\t\t\t\t\t<\/span>\n\t\t\t\t\t\t\t\t\t\t<span class=\"elementor-icon-list-text\">Advice on fee reduction<\/span>\n\t\t\t\t\t\t\t\t\t<\/li>\n\t\t\t\t\t\t<\/ul>\n\t\t\t\t\t\t<\/div>\n\t\t\t\t<\/div>\n\t\t\t\t<div class=\"elementor-element elementor-element-4cc8d96 elementor-mobile-align-center animated-slow elementor-invisible elementor-widget elementor-widget-button\" data-id=\"4cc8d96\" data-element_type=\"widget\" data-e-type=\"widget\" data-settings=\"{&quot;_animation&quot;:&quot;fadeIn&quot;,&quot;_animation_delay&quot;:1100}\" data-widget_type=\"button.default\">\n\t\t\t\t<div class=\"elementor-widget-container\">\n\t\t\t\t\t\t\t\t\t<div class=\"elementor-button-wrapper\">\n\t\t\t\t\t<a class=\"elementor-button elementor-button-link elementor-size-sm\" href=\"https:\/\/lekuartelocations.com\/en\/contacto\/\">\n\t\t\t\t\t\t<span class=\"elementor-button-content-wrapper\">\n\t\t\t\t\t\t<span class=\"elementor-button-icon\">\n\t\t\t\t<svg aria-hidden=\"true\" class=\"e-font-icon-svg e-fas-arrow-circle-right\" viewbox=\"0 0 512 512\" xmlns=\"http:\/\/www.w3.org\/2000\/svg\"><path d=\"M256 8c137 0 248 111 248 248S393 504 256 504 8 393 8 256 119 8 256 8zm-28.9 143.6l75.5 72.4H120c-13.3 0-24 10.7-24 24v16c0 13.3 10.7 24 24 24h182.6l-75.5 72.4c-9.7 9.3-9.9 24.8-.4 34.3l11 10.9c9.4 9.4 24.6 9.4 33.9 0L404.3 273c9.4-9.4 9.4-24.6 0-33.9L271.6 106.3c-9.4-9.4-24.6-9.4-33.9 0l-11 10.9c-9.5 9.6-9.3 25.1.4 34.4z\"><\/path><\/svg>\t\t\t<\/span>\n\t\t\t\t\t\t\t\t\t<span class=\"elementor-button-text\">Purchase our services<\/span>\n\t\t\t\t\t<\/span>\n\t\t\t\t\t<\/a>\n\t\t\t\t<\/div>\n\t\t\t\t\t\t\t\t<\/div>\n\t\t\t\t<\/div>\n\t\t\t\t<\/div>\n\t\t\t\t\t<\/div>\n\t\t\t\t<\/div>\n\t\t\t\t<\/div>","protected":false},"excerpt":{"rendered":"<p>Inicio Servicios Facilitamos la gesti\u00f3n de permisos para rodajes y eventos, ahorr\u00e1ndote la tarea de lidiar con tr\u00e1mites burocr\u00e1ticos. Estamos familiarizados con los requisitos administrativos y sabemos c\u00f3mo manejar las tramitaciones. Negociaci\u00f3n de tarifas y contratos Asesoramiento reducci\u00f3n de tasas Adquiere nuestros servicios<\/p>","protected":false},"author":14,"featured_media":597,"parent":89,"menu_order":0,"comment_status":"closed","ping_status":"closed","template":"elementor_header_footer","meta":{"_joinchat":[],"footnotes":""},"class_list":["post-551","page","type-page","status-publish","has-post-thumbnail","hentry"],"yoast_head":"<!-- This site is optimized with the Yoast SEO plugin v26.8 - https:\/\/yoast.com\/product\/yoast-seo-wordpress\/ -->\n<title>Gesti\u00f3n de permisos - Lekuarte Locations<\/title>\n<meta name=\"robots\" content=\"index, follow, max-snippet:-1, max-image-preview:large, max-video-preview:-1\" \/>\n<link rel=\"canonical\" href=\"https:\/\/lekuartelocations.com\/en\/servicios\/gestion-de-permisos\/\" \/>\n<meta property=\"og:locale\" content=\"en_GB\" \/>\n<meta property=\"og:type\" content=\"article\" \/>\n<meta property=\"og:title\" content=\"Gesti\u00f3n de permisos - Lekuarte Locations\" \/>\n<meta property=\"og:description\" content=\"Inicio Servicios Facilitamos la gesti\u00f3n de permisos para rodajes y eventos, ahorr\u00e1ndote la tarea de lidiar con tr\u00e1mites burocr\u00e1ticos. Estamos familiarizados con los requisitos administrativos y sabemos c\u00f3mo manejar las tramitaciones. Negociaci\u00f3n de tarifas y contratos Asesoramiento reducci\u00f3n de tasas Adquiere nuestros servicios\" \/>\n<meta property=\"og:url\" content=\"https:\/\/lekuartelocations.com\/en\/servicios\/gestion-de-permisos\/\" \/>\n<meta property=\"og:site_name\" content=\"Lekuarte Locations\" \/>\n<meta property=\"article:modified_time\" content=\"2025-01-17T07:32:35+00:00\" \/>\n<meta property=\"og:image\" content=\"https:\/\/lekuartelocations.com\/wp-content\/uploads\/2025\/01\/tramite.jpg\" \/>\n\t<meta property=\"og:image:width\" content=\"738\" \/>\n\t<meta property=\"og:image:height\" content=\"446\" \/>\n\t<meta property=\"og:image:type\" content=\"image\/jpeg\" \/>\n<meta name=\"twitter:card\" content=\"summary_large_image\" \/>\n<script type=\"application\/ld+json\" class=\"yoast-schema-graph\">{\"@context\":\"https:\/\/schema.org\",\"@graph\":[{\"@type\":\"WebPage\",\"@id\":\"https:\/\/lekuartelocations.com\/servicios\/gestion-de-permisos\/\",\"url\":\"https:\/\/lekuartelocations.com\/servicios\/gestion-de-permisos\/\",\"name\":\"Gesti\u00f3n de permisos - Lekuarte Locations\",\"isPartOf\":{\"@id\":\"https:\/\/lekuartelocations.com\/#website\"},\"primaryImageOfPage\":{\"@id\":\"https:\/\/lekuartelocations.com\/servicios\/gestion-de-permisos\/#primaryimage\"},\"image\":{\"@id\":\"https:\/\/lekuartelocations.com\/servicios\/gestion-de-permisos\/#primaryimage\"},\"thumbnailUrl\":\"https:\/\/lekuartelocations.com\/wp-content\/uploads\/2025\/01\/tramite.jpg\",\"datePublished\":\"2025-01-17T06:59:26+00:00\",\"dateModified\":\"2025-01-17T07:32:35+00:00\",\"breadcrumb\":{\"@id\":\"https:\/\/lekuartelocations.com\/servicios\/gestion-de-permisos\/#breadcrumb\"},\"inLanguage\":\"en-GB\",\"potentialAction\":[{\"@type\":\"ReadAction\",\"target\":[\"https:\/\/lekuartelocations.com\/servicios\/gestion-de-permisos\/\"]}]},{\"@type\":\"ImageObject\",\"inLanguage\":\"en-GB\",\"@id\":\"https:\/\/lekuartelocations.com\/servicios\/gestion-de-permisos\/#primaryimage\",\"url\":\"https:\/\/lekuartelocations.com\/wp-content\/uploads\/2025\/01\/tramite.jpg\",\"contentUrl\":\"https:\/\/lekuartelocations.com\/wp-content\/uploads\/2025\/01\/tramite.jpg\",\"width\":738,\"height\":446},{\"@type\":\"BreadcrumbList\",\"@id\":\"https:\/\/lekuartelocations.com\/servicios\/gestion-de-permisos\/#breadcrumb\",\"itemListElement\":[{\"@type\":\"ListItem\",\"position\":1,\"name\":\"Portada\",\"item\":\"https:\/\/lekuartelocations.com\/\"},{\"@type\":\"ListItem\",\"position\":2,\"name\":\"Servicios\",\"item\":\"https:\/\/lekuartelocations.com\/servicios\/\"},{\"@type\":\"ListItem\",\"position\":3,\"name\":\"Gesti\u00f3n de permisos\"}]},{\"@type\":\"WebSite\",\"@id\":\"https:\/\/lekuartelocations.com\/#website\",\"url\":\"https:\/\/lekuartelocations.com\/\",\"name\":\"Lekuarte Locations\",\"description\":\"Donde el arte encuentra lugar\",\"publisher\":{\"@id\":\"https:\/\/lekuartelocations.com\/#organization\"},\"potentialAction\":[{\"@type\":\"SearchAction\",\"target\":{\"@type\":\"EntryPoint\",\"urlTemplate\":\"https:\/\/lekuartelocations.com\/?s={search_term_string}\"},\"query-input\":{\"@type\":\"PropertyValueSpecification\",\"valueRequired\":true,\"valueName\":\"search_term_string\"}}],\"inLanguage\":\"en-GB\"},{\"@type\":\"Organization\",\"@id\":\"https:\/\/lekuartelocations.com\/#organization\",\"name\":\"Lekuarte Locations\",\"url\":\"https:\/\/lekuartelocations.com\/\",\"logo\":{\"@type\":\"ImageObject\",\"inLanguage\":\"en-GB\",\"@id\":\"https:\/\/lekuartelocations.com\/#\/schema\/logo\/image\/\",\"url\":\"https:\/\/lekuartelocations.com\/wp-content\/uploads\/2025\/02\/WhatsApp_Image_2025-02-13_at_14.57.56-removebg-preview.png\",\"contentUrl\":\"https:\/\/lekuartelocations.com\/wp-content\/uploads\/2025\/02\/WhatsApp_Image_2025-02-13_at_14.57.56-removebg-preview.png\",\"width\":666,\"height\":375,\"caption\":\"Lekuarte Locations\"},\"image\":{\"@id\":\"https:\/\/lekuartelocations.com\/#\/schema\/logo\/image\/\"}}]}<\/script>\n<!-- \/ Yoast SEO plugin. -->","yoast_head_json":{"title":"Gesti\u00f3n de permisos - Lekuarte Locations","robots":{"index":"index","follow":"follow","max-snippet":"max-snippet:-1","max-image-preview":"max-image-preview:large","max-video-preview":"max-video-preview:-1"},"canonical":"https:\/\/lekuartelocations.com\/en\/servicios\/gestion-de-permisos\/","og_locale":"en_GB","og_type":"article","og_title":"Gesti\u00f3n de permisos - Lekuarte Locations","og_description":"Inicio Servicios Facilitamos la gesti\u00f3n de permisos para rodajes y eventos, ahorr\u00e1ndote la tarea de lidiar con tr\u00e1mites burocr\u00e1ticos. Estamos familiarizados con los requisitos administrativos y sabemos c\u00f3mo manejar las tramitaciones. Negociaci\u00f3n de tarifas y contratos Asesoramiento reducci\u00f3n de tasas Adquiere nuestros servicios","og_url":"https:\/\/lekuartelocations.com\/en\/servicios\/gestion-de-permisos\/","og_site_name":"Lekuarte Locations","article_modified_time":"2025-01-17T07:32:35+00:00","og_image":[{"width":738,"height":446,"url":"https:\/\/lekuartelocations.com\/wp-content\/uploads\/2025\/01\/tramite.jpg","type":"image\/jpeg"}],"twitter_card":"summary_large_image","schema":{"@context":"https:\/\/schema.org","@graph":[{"@type":"WebPage","@id":"https:\/\/lekuartelocations.com\/servicios\/gestion-de-permisos\/","url":"https:\/\/lekuartelocations.com\/servicios\/gestion-de-permisos\/","name":"Gesti\u00f3n de permisos - Lekuarte Locations","isPartOf":{"@id":"https:\/\/lekuartelocations.com\/#website"},"primaryImageOfPage":{"@id":"https:\/\/lekuartelocations.com\/servicios\/gestion-de-permisos\/#primaryimage"},"image":{"@id":"https:\/\/lekuartelocations.com\/servicios\/gestion-de-permisos\/#primaryimage"},"thumbnailUrl":"https:\/\/lekuartelocations.com\/wp-content\/uploads\/2025\/01\/tramite.jpg","datePublished":"2025-01-17T06:59:26+00:00","dateModified":"2025-01-17T07:32:35+00:00","breadcrumb":{"@id":"https:\/\/lekuartelocations.com\/servicios\/gestion-de-permisos\/#breadcrumb"},"inLanguage":"en-GB","potentialAction":[{"@type":"ReadAction","target":["https:\/\/lekuartelocations.com\/servicios\/gestion-de-permisos\/"]}]},{"@type":"ImageObject","inLanguage":"en-GB","@id":"https:\/\/lekuartelocations.com\/servicios\/gestion-de-permisos\/#primaryimage","url":"https:\/\/lekuartelocations.com\/wp-content\/uploads\/2025\/01\/tramite.jpg","contentUrl":"https:\/\/lekuartelocations.com\/wp-content\/uploads\/2025\/01\/tramite.jpg","width":738,"height":446},{"@type":"BreadcrumbList","@id":"https:\/\/lekuartelocations.com\/servicios\/gestion-de-permisos\/#breadcrumb","itemListElement":[{"@type":"ListItem","position":1,"name":"Portada","item":"https:\/\/lekuartelocations.com\/"},{"@type":"ListItem","position":2,"name":"Servicios","item":"https:\/\/lekuartelocations.com\/servicios\/"},{"@type":"ListItem","position":3,"name":"Gesti\u00f3n de permisos"}]},{"@type":"WebSite","@id":"https:\/\/lekuartelocations.com\/#website","url":"https:\/\/lekuartelocations.com\/","name":"Lekuarte Locations","description":"Where art finds a place","publisher":{"@id":"https:\/\/lekuartelocations.com\/#organization"},"potentialAction":[{"@type":"SearchAction","target":{"@type":"EntryPoint","urlTemplate":"https:\/\/lekuartelocations.com\/?s={search_term_string}"},"query-input":{"@type":"PropertyValueSpecification","valueRequired":true,"valueName":"search_term_string"}}],"inLanguage":"en-GB"},{"@type":"Organization","@id":"https:\/\/lekuartelocations.com\/#organization","name":"Lekuarte Locations","url":"https:\/\/lekuartelocations.com\/","logo":{"@type":"ImageObject","inLanguage":"en-GB","@id":"https:\/\/lekuartelocations.com\/#\/schema\/logo\/image\/","url":"https:\/\/lekuartelocations.com\/wp-content\/uploads\/2025\/02\/WhatsApp_Image_2025-02-13_at_14.57.56-removebg-preview.png","contentUrl":"https:\/\/lekuartelocations.com\/wp-content\/uploads\/2025\/02\/WhatsApp_Image_2025-02-13_at_14.57.56-removebg-preview.png","width":666,"height":375,"caption":"Lekuarte Locations"},"image":{"@id":"https:\/\/lekuartelocations.com\/#\/schema\/logo\/image\/"}}]}},"_links":{"self":[{"href":"https:\/\/lekuartelocations.com\/en\/wp-json\/wp\/v2\/pages\/551","targetHints":{"allow":["GET"]}}],"collection":[{"href":"https:\/\/lekuartelocations.com\/en\/wp-json\/wp\/v2\/pages"}],"about":[{"href":"https:\/\/lekuartelocations.com\/en\/wp-json\/wp\/v2\/types\/page"}],"author":[{"embeddable":true,"href":"https:\/\/lekuartelocations.com\/en\/wp-json\/wp\/v2\/users\/14"}],"replies":[{"embeddable":true,"href":"https:\/\/lekuartelocations.com\/en\/wp-json\/wp\/v2\/comments?post=551"}],"version-history":[{"count":10,"href":"https:\/\/lekuartelocations.com\/en\/wp-json\/wp\/v2\/pages\/551\/revisions"}],"predecessor-version":[{"id":618,"href":"https:\/\/lekuartelocations.com\/en\/wp-json\/wp\/v2\/pages\/551\/revisions\/618"}],"up":[{"embeddable":true,"href":"https:\/\/lekuartelocations.com\/en\/wp-json\/wp\/v2\/pages\/89"}],"wp:featuredmedia":[{"embeddable":true,"href":"https:\/\/lekuartelocations.com\/en\/wp-json\/wp\/v2\/media\/597"}],"wp:attachment":[{"href":"https:\/\/lekuartelocations.com\/en\/wp-json\/wp\/v2\/media?parent=551"}],"curies":[{"name":"wp","href":"https:\/\/api.w.org\/{rel}","templated":true}]}}