{"id":14,"date":"2024-06-18T09:00:25","date_gmt":"2024-06-18T07:00:25","guid":{"rendered":"https:\/\/lekuartelocations.com\/?page_id=14"},"modified":"2025-02-19T13:03:48","modified_gmt":"2025-02-19T12:03:48","slug":"cookies","status":"publish","type":"page","link":"https:\/\/lekuartelocations.com\/fr\/cookies\/","title":{"rendered":"Politique en mati\u00e8re de cookies"},"content":{"rendered":"<style>.elementor-14 .elementor-element.elementor-element-d00fdba{--display:flex;--flex-direction:column;--container-widget-width:100%;--container-widget-height:initial;--container-widget-flex-grow:0;--container-widget-align-self:initial;--flex-wrap-mobile:wrap;--overflow:hidden;--margin-top:0px;--margin-bottom:0px;--margin-left:0px;--margin-right:0px;--padding-top:5em;--padding-bottom:5em;--padding-left:0em;--padding-right:0em;}.elementor-14 .elementor-element.elementor-element-d00fdba:not(.elementor-motion-effects-element-type-background), .elementor-14 .elementor-element.elementor-element-d00fdba > .elementor-motion-effects-container > .elementor-motion-effects-layer{background-color:var( --e-global-color-secondary );}.elementor-14 .elementor-element.elementor-element-9a72eff{--display:flex;--margin-top:0px;--margin-bottom:0px;--margin-left:0px;--margin-right:0px;--padding-top:0px;--padding-bottom:0px;--padding-left:0px;--padding-right:0px;}.elementor-14 .elementor-element.elementor-element-0e72e88{text-align:center;}.elementor-14 .elementor-element.elementor-element-0e72e88 .elementor-heading-title{font-family:var( --e-global-typography-primary-font-family ), Sans-serif;font-size:var( --e-global-typography-primary-font-size );font-weight:var( --e-global-typography-primary-font-weight );text-transform:var( --e-global-typography-primary-text-transform );line-height:var( --e-global-typography-primary-line-height );}.elementor-14 .elementor-element.elementor-element-e4b84ee .elementor-icon-list-icon i{color:var( --e-global-color-primary );transition:color 0.3s;}.elementor-14 .elementor-element.elementor-element-e4b84ee .elementor-icon-list-icon svg{fill:var( --e-global-color-primary );transition:fill 0.3s;}.elementor-14 .elementor-element.elementor-element-e4b84ee{--e-icon-list-icon-size:14px;--icon-vertical-offset:0px;}.elementor-14 .elementor-element.elementor-element-e4b84ee .elementor-icon-list-text{color:var( --e-global-color-449782e );transition:color 0.3s;}.elementor-14 .elementor-element.elementor-element-e4b84ee .elementor-icon-list-item:hover .elementor-icon-list-text{color:var( --e-global-color-accent );}.elementor-14 .elementor-element.elementor-element-2c33733{--display:flex;--flex-direction:column;--container-widget-width:100%;--container-widget-height:initial;--container-widget-flex-grow:0;--container-widget-align-self:initial;--flex-wrap-mobile:wrap;--padding-top:50px;--padding-bottom:50px;--padding-left:0px;--padding-right:0px;}@media(max-width:1024px){.elementor-14 .elementor-element.elementor-element-d00fdba{--padding-top:4em;--padding-bottom:4em;--padding-left:1em;--padding-right:1em;}.elementor-14 .elementor-element.elementor-element-9a72eff{--margin-top:0px;--margin-bottom:0px;--margin-left:0px;--margin-right:0px;}.elementor-14 .elementor-element.elementor-element-0e72e88 .elementor-heading-title{font-size:var( --e-global-typography-primary-font-size );line-height:var( --e-global-typography-primary-line-height );}}@media(max-width:767px){.elementor-14 .elementor-element.elementor-element-9a72eff{--margin-top:0px;--margin-bottom:0px;--margin-left:0px;--margin-right:0px;}.elementor-14 .elementor-element.elementor-element-0e72e88 .elementor-heading-title{font-size:var( --e-global-typography-primary-font-size );line-height:var( --e-global-typography-primary-line-height );}}<\/style>\t\t<div data-elementor-type=\"wp-page\" data-elementor-id=\"14\" class=\"elementor elementor-14\" data-elementor-post-type=\"page\">\n\t\t\t\t<div class=\"elementor-element elementor-element-d00fdba e-flex e-con-boxed e-con e-parent\" data-id=\"d00fdba\" data-element_type=\"container\" data-e-type=\"container\" data-settings=\"{&quot;background_background&quot;:&quot;video&quot;,&quot;background_video_link&quot;:&quot;https:\\\/\\\/www.youtube.com\\\/watch?v=rYx272cOHnk&quot;,&quot;background_play_on_mobile&quot;:&quot;yes&quot;}\">\n\t\t\t\t\t<div class=\"e-con-inner\">\n\t\t<div class=\"elementor-background-video-container\">\n\t\t\t\t\t\t\t<div class=\"elementor-background-video-embed\" role=\"presentation\"><\/div>\n\t\t\t\t\t\t<\/div><div class=\"elementor-element elementor-element-9a72eff e-flex e-con-boxed e-con e-child\" data-id=\"9a72eff\" data-element_type=\"container\" data-e-type=\"container\">\n\t\t\t\t\t<div class=\"e-con-inner\">\n\t\t\t\t<div class=\"elementor-element elementor-element-e4b84ee elementor-icon-list--layout-inline elementor-align-center elementor-list-item-link-full_width elementor-widget elementor-widget-icon-list\" data-id=\"e4b84ee\" data-element_type=\"widget\" data-e-type=\"widget\" data-widget_type=\"icon-list.default\">\n\t\t\t\t<div class=\"elementor-widget-container\">\n\t\t\t\t\t\t\t<ul class=\"elementor-icon-list-items elementor-inline-items\">\n\t\t\t\t\t\t\t<li class=\"elementor-icon-list-item elementor-inline-item\">\n\t\t\t\t\t\t\t\t\t\t\t<a href=\"https:\/\/lekuartelocations.com\/fr\">\n\n\t\t\t\t\t\t\t\t\t\t\t<span class=\"elementor-icon-list-text\">Accueil<\/span>\n\t\t\t\t\t\t\t\t\t\t\t<\/a>\n\t\t\t\t\t\t\t\t\t<\/li>\n\t\t\t\t\t\t\t\t<li class=\"elementor-icon-list-item elementor-inline-item\">\n\t\t\t\t\t\t\t\t\t\t\t<span class=\"elementor-icon-list-icon\">\n\t\t\t\t\t\t\t<svg aria-hidden=\"true\" class=\"e-font-icon-svg e-fas-dot-circle\" viewbox=\"0 0 512 512\" xmlns=\"http:\/\/www.w3.org\/2000\/svg\"><path d=\"M256 8C119.033 8 8 119.033 8 256s111.033 248 248 248 248-111.033 248-248S392.967 8 256 8zm80 248c0 44.112-35.888 80-80 80s-80-35.888-80-80 35.888-80 80-80 80 35.888 80 80z\"><\/path><\/svg>\t\t\t\t\t\t<\/span>\n\t\t\t\t\t\t\t\t\t\t<span class=\"elementor-icon-list-text\"><\/span>\n\t\t\t\t\t\t\t\t\t<\/li>\n\t\t\t\t\t\t<\/ul>\n\t\t\t\t\t\t<\/div>\n\t\t\t\t<\/div>\n\t\t\t\t\t<\/div>\n\t\t\t\t<\/div>\n\t\t\t\t\t<\/div>\n\t\t\t\t<\/div>\n\t\t<div class=\"elementor-element elementor-element-2c33733 e-flex e-con-boxed e-con e-parent\" data-id=\"2c33733\" data-element_type=\"container\" data-e-type=\"container\">\n\t\t\t\t\t<div class=\"e-con-inner\">\n\t\t\t\t<div class=\"elementor-element elementor-element-f192049 elementor-widget elementor-widget-text-editor\" data-id=\"f192049\" data-element_type=\"widget\" data-e-type=\"widget\" data-widget_type=\"text-editor.default\">\n\t\t\t\t<div class=\"elementor-widget-container\">\n\t\t\t\t\t\t\t\t\t<p>L'acc\u00e8s \u00e0 ce site Web peut impliquer l'utilisation de cookies. Les cookies sont de petites quantit\u00e9s d'informations qui sont stock\u00e9es dans le navigateur utilis\u00e9 par chaque utilisateur - dans les diff\u00e9rents dispositifs qui peuvent \u00eatre utilis\u00e9s pour naviguer - afin que le serveur se souvienne de certaines informations qui ne seront ensuite lues que par le serveur qui les a impl\u00e9ment\u00e9es. Les cookies facilitent la navigation, la rendent plus conviviale et n'endommagent pas le dispositif de navigation.<\/p><p>Les cookies sont des proc\u00e9dures automatiques de collecte d'informations relatives aux pr\u00e9f\u00e9rences d\u00e9termin\u00e9es par l'utilisateur lors de sa visite sur le site Web afin de le reconna\u00eetre en tant qu'utilisateur et de personnaliser son exp\u00e9rience et son utilisation du site Web, et peuvent \u00e9galement, par exemple, aider \u00e0 identifier et \u00e0 r\u00e9soudre des erreurs.<\/p><p>Les informations collect\u00e9es par le biais des cookies peuvent inclure la date et l'heure des visites sur le site web, les pages consult\u00e9es, le temps pass\u00e9 sur le site web et les sites visit\u00e9s juste avant et juste apr\u00e8s le site web. Toutefois, aucun cookie ne permet de contacter le num\u00e9ro de t\u00e9l\u00e9phone de l'utilisateur ou tout autre moyen de contact personnel. Aucun cookie ne peut extraire des informations du disque dur de l'utilisateur ou voler des informations personnelles. Le seul moyen pour que les informations priv\u00e9es de l'utilisateur fassent partie du fichier Cookie est que l'utilisateur donne personnellement ces informations au serveur.<\/p><p>Les cookies qui permettent d'identifier une personne sont consid\u00e9r\u00e9s comme des donn\u00e9es \u00e0 caract\u00e8re personnel. Par cons\u00e9quent, la politique de confidentialit\u00e9 susmentionn\u00e9e leur est applicable. \u00c0 cet \u00e9gard, l'utilisation de cookies requiert le consentement de l'utilisateur. Ce consentement sera communiqu\u00e9, sur la base d'un v\u00e9ritable choix, offert par le biais d'une d\u00e9cision affirmative et positive, avant le traitement initial, amovible et document\u00e9.<\/p><div class=\"\"><h4>Ses propres biscuits<\/h4><p>Il s'agit de cookies envoy\u00e9s \u00e0 l'ordinateur ou \u00e0 l'appareil de l'utilisateur et g\u00e9r\u00e9s exclusivement par\u00a0<span class=\"blanc-space ng-binding\">Emplacements de Lekuarte<\/span>\u00a0pour un meilleur fonctionnement du site web. Les informations collect\u00e9es sont utilis\u00e9es pour am\u00e9liorer la qualit\u00e9 du site web et de son contenu ainsi que votre exp\u00e9rience en tant qu'utilisateur. Ces cookies permettent de reconna\u00eetre l'utilisateur en tant que visiteur r\u00e9current du site web et d'adapter le contenu pour lui offrir un contenu adapt\u00e9 \u00e0 ses pr\u00e9f\u00e9rences.<\/p><\/div><div class=\"\"><h4>Cookies des m\u00e9dias sociaux<\/h4><p><span class=\"blanc-space ng-binding\">Emplacements de Lekuarte<\/span>\u00a0int\u00e8gre des plugins de m\u00e9dias sociaux, qui permettent d'acc\u00e9der aux r\u00e9seaux sociaux \u00e0 partir du site web. Pour cette raison, des cookies de r\u00e9seaux sociaux peuvent \u00eatre stock\u00e9s dans le navigateur de l'utilisateur. Les propri\u00e9taires de ces r\u00e9seaux sociaux ont leurs propres politiques en mati\u00e8re de protection des donn\u00e9es et de cookies, \u00e9tant eux-m\u00eames, dans chaque cas, responsables de leurs propres fichiers et de leurs propres pratiques en mati\u00e8re de confidentialit\u00e9. L'utilisateur doit s'y r\u00e9f\u00e9rer pour obtenir des informations sur ces cookies et, le cas \u00e9ch\u00e9ant, sur le traitement de ses donn\u00e9es personnelles. \u00c0 titre d'information uniquement, les liens permettant de consulter ces politiques de confidentialit\u00e9 et\/ou de cookies sont indiqu\u00e9s ci-dessous :<\/p><ul><li>Facebook :\u00a0<a class=\"text-info\" href=\"https:\/\/www.facebook.com\/policies\/cookies\/\">https:\/\/www.facebook.com\/policies\/cookies\/<\/a><\/li><li>Twitter :\u00a0<a class=\"text-info\" href=\"https:\/\/twitter.com\/es\/privacy\">https:\/\/twitter.com\/es\/privacy<\/a><\/li><li>Instagram :\u00a0<a class=\"text-info\" href=\"https:\/\/help.instagram.com\/1896641480634370?ref=ig\">https:\/\/help.instagram.com\/1896641480634370?ref=ig<\/a><\/li><li>YouTube :\u00a0<a class=\"text-info\" href=\"https:\/\/policies.google.com\/privacy?hl=es-419&amp;gl=mx\">https:\/\/policies.google.com\/privacy?hl=es-419&amp;gl=mx<\/a><\/li><li>Pinterest :\u00a0<a class=\"text-info\" href=\"https:\/\/policy.pinterest.com\/es\/privacy-policy\">https:\/\/policy.pinterest.com\/es\/privacy-policy<\/a><\/li><li>LinkedIn :\u00a0<a class=\"text-info\" href=\"https:\/\/www.linkedin.com\/legal\/cookie-policy?trk=hp-cookies\">https:\/\/www.linkedin.com\/legal\/cookie-policy?trk=hp-cookies<\/a><\/li><\/ul><\/div><h4>D\u00e9sactivation, rejet et suppression des cookies<\/h4><p>L'utilisateur peut d\u00e9sactiver, refuser et supprimer les cookies - en tout ou en partie - install\u00e9s sur son appareil en configurant son navigateur (notamment Chrome, Firefox, Safari, Explorer). A cet \u00e9gard, les proc\u00e9dures de refus et de suppression des cookies peuvent diff\u00e9rer d'un navigateur Internet \u00e0 l'autre. Par cons\u00e9quent, l'Utilisateur doit suivre les instructions fournies par le navigateur Internet qu'il utilise. Si vous refusez l'utilisation de cookies - totalement ou partiellement - vous pouvez continuer \u00e0 utiliser le site Web, bien que l'utilisation de certaines de ses fonctions puisse \u00eatre limit\u00e9e.<\/p>\t\t\t\t\t\t\t\t<\/div>\n\t\t\t\t<\/div>\n\t\t\t\t\t<\/div>\n\t\t\t\t<\/div>\n\t\t\t\t<\/div>","protected":false},"excerpt":{"rendered":"<p>Inicio El acceso a este Sitio Web puede implicar la utilizaci\u00f3n de cookies. Las cookies son peque\u00f1as cantidades de informaci\u00f3n que se almacenan en el navegador utilizado por cada Usuario \u2014en los distintos dispositivos que pueda utilizar para navegar\u2014 para que el servidor recuerde cierta informaci\u00f3n que posteriormente y \u00fanicamente el servidor que la implement\u00f3 [&hellip;]<\/p>\n","protected":false},"author":2,"featured_media":0,"parent":0,"menu_order":0,"comment_status":"closed","ping_status":"closed","template":"elementor_header_footer","meta":{"_joinchat":[],"footnotes":""},"class_list":["post-14","page","type-page","status-publish","hentry"],"yoast_head":"<!-- This site is optimized with the Yoast SEO plugin v26.8 - https:\/\/yoast.com\/product\/yoast-seo-wordpress\/ -->\n<title>Pol\u00edtica de cookies - Lekuarte Locations<\/title>\n<meta name=\"robots\" content=\"noindex, follow\" \/>\n<meta property=\"og:locale\" content=\"fr_FR\" \/>\n<meta property=\"og:type\" content=\"article\" \/>\n<meta property=\"og:title\" content=\"Pol\u00edtica de cookies - Lekuarte Locations\" \/>\n<meta property=\"og:description\" content=\"Inicio El acceso a este Sitio Web puede implicar la utilizaci\u00f3n de cookies. Las cookies son peque\u00f1as cantidades de informaci\u00f3n que se almacenan en el navegador utilizado por cada Usuario \u2014en los distintos dispositivos que pueda utilizar para navegar\u2014 para que el servidor recuerde cierta informaci\u00f3n que posteriormente y \u00fanicamente el servidor que la implement\u00f3 [&hellip;]\" \/>\n<meta property=\"og:url\" content=\"https:\/\/lekuartelocations.com\/fr\/cookies\/\" \/>\n<meta property=\"og:site_name\" content=\"Lekuarte Locations\" \/>\n<meta property=\"article:modified_time\" content=\"2025-02-19T12:03:48+00:00\" \/>\n<meta name=\"twitter:card\" content=\"summary_large_image\" \/>\n<script type=\"application\/ld+json\" class=\"yoast-schema-graph\">{\"@context\":\"https:\/\/schema.org\",\"@graph\":[{\"@type\":\"WebPage\",\"@id\":\"https:\/\/lekuartelocations.com\/cookies\/\",\"url\":\"https:\/\/lekuartelocations.com\/cookies\/\",\"name\":\"Pol\u00edtica de cookies - Lekuarte Locations\",\"isPartOf\":{\"@id\":\"https:\/\/lekuartelocations.com\/#website\"},\"datePublished\":\"2024-06-18T07:00:25+00:00\",\"dateModified\":\"2025-02-19T12:03:48+00:00\",\"breadcrumb\":{\"@id\":\"https:\/\/lekuartelocations.com\/cookies\/#breadcrumb\"},\"inLanguage\":\"fr-FR\",\"potentialAction\":[{\"@type\":\"ReadAction\",\"target\":[\"https:\/\/lekuartelocations.com\/cookies\/\"]}]},{\"@type\":\"BreadcrumbList\",\"@id\":\"https:\/\/lekuartelocations.com\/cookies\/#breadcrumb\",\"itemListElement\":[{\"@type\":\"ListItem\",\"position\":1,\"name\":\"Portada\",\"item\":\"https:\/\/lekuartelocations.com\/\"},{\"@type\":\"ListItem\",\"position\":2,\"name\":\"Pol\u00edtica de cookies\"}]},{\"@type\":\"WebSite\",\"@id\":\"https:\/\/lekuartelocations.com\/#website\",\"url\":\"https:\/\/lekuartelocations.com\/\",\"name\":\"Lekuarte Locations\",\"description\":\"Donde el arte encuentra lugar\",\"publisher\":{\"@id\":\"https:\/\/lekuartelocations.com\/#organization\"},\"potentialAction\":[{\"@type\":\"SearchAction\",\"target\":{\"@type\":\"EntryPoint\",\"urlTemplate\":\"https:\/\/lekuartelocations.com\/?s={search_term_string}\"},\"query-input\":{\"@type\":\"PropertyValueSpecification\",\"valueRequired\":true,\"valueName\":\"search_term_string\"}}],\"inLanguage\":\"fr-FR\"},{\"@type\":\"Organization\",\"@id\":\"https:\/\/lekuartelocations.com\/#organization\",\"name\":\"Lekuarte Locations\",\"url\":\"https:\/\/lekuartelocations.com\/\",\"logo\":{\"@type\":\"ImageObject\",\"inLanguage\":\"fr-FR\",\"@id\":\"https:\/\/lekuartelocations.com\/#\/schema\/logo\/image\/\",\"url\":\"https:\/\/lekuartelocations.com\/wp-content\/uploads\/2025\/02\/WhatsApp_Image_2025-02-13_at_14.57.56-removebg-preview.png\",\"contentUrl\":\"https:\/\/lekuartelocations.com\/wp-content\/uploads\/2025\/02\/WhatsApp_Image_2025-02-13_at_14.57.56-removebg-preview.png\",\"width\":666,\"height\":375,\"caption\":\"Lekuarte Locations\"},\"image\":{\"@id\":\"https:\/\/lekuartelocations.com\/#\/schema\/logo\/image\/\"}}]}<\/script>\n<!-- \/ Yoast SEO plugin. -->","yoast_head_json":{"title":"Pol\u00edtica de cookies - Lekuarte Locations","robots":{"index":"noindex","follow":"follow"},"og_locale":"fr_FR","og_type":"article","og_title":"Pol\u00edtica de cookies - Lekuarte Locations","og_description":"Inicio El acceso a este Sitio Web puede implicar la utilizaci\u00f3n de cookies. Las cookies son peque\u00f1as cantidades de informaci\u00f3n que se almacenan en el navegador utilizado por cada Usuario \u2014en los distintos dispositivos que pueda utilizar para navegar\u2014 para que el servidor recuerde cierta informaci\u00f3n que posteriormente y \u00fanicamente el servidor que la implement\u00f3 [&hellip;]","og_url":"https:\/\/lekuartelocations.com\/fr\/cookies\/","og_site_name":"Lekuarte Locations","article_modified_time":"2025-02-19T12:03:48+00:00","twitter_card":"summary_large_image","schema":{"@context":"https:\/\/schema.org","@graph":[{"@type":"WebPage","@id":"https:\/\/lekuartelocations.com\/cookies\/","url":"https:\/\/lekuartelocations.com\/cookies\/","name":"Pol\u00edtica de cookies - Lekuarte Locations","isPartOf":{"@id":"https:\/\/lekuartelocations.com\/#website"},"datePublished":"2024-06-18T07:00:25+00:00","dateModified":"2025-02-19T12:03:48+00:00","breadcrumb":{"@id":"https:\/\/lekuartelocations.com\/cookies\/#breadcrumb"},"inLanguage":"fr-FR","potentialAction":[{"@type":"ReadAction","target":["https:\/\/lekuartelocations.com\/cookies\/"]}]},{"@type":"BreadcrumbList","@id":"https:\/\/lekuartelocations.com\/cookies\/#breadcrumb","itemListElement":[{"@type":"ListItem","position":1,"name":"Portada","item":"https:\/\/lekuartelocations.com\/"},{"@type":"ListItem","position":2,"name":"Pol\u00edtica de cookies"}]},{"@type":"WebSite","@id":"https:\/\/lekuartelocations.com\/#website","url":"https:\/\/lekuartelocations.com\/","name":"Emplacements de Lekuarte","description":"Donde el arte encuentra lugar","publisher":{"@id":"https:\/\/lekuartelocations.com\/#organization"},"potentialAction":[{"@type":"SearchAction","target":{"@type":"EntryPoint","urlTemplate":"https:\/\/lekuartelocations.com\/?s={search_term_string}"},"query-input":{"@type":"PropertyValueSpecification","valueRequired":true,"valueName":"search_term_string"}}],"inLanguage":"fr-FR"},{"@type":"Organization","@id":"https:\/\/lekuartelocations.com\/#organization","name":"Emplacements de Lekuarte","url":"https:\/\/lekuartelocations.com\/","logo":{"@type":"ImageObject","inLanguage":"fr-FR","@id":"https:\/\/lekuartelocations.com\/#\/schema\/logo\/image\/","url":"https:\/\/lekuartelocations.com\/wp-content\/uploads\/2025\/02\/WhatsApp_Image_2025-02-13_at_14.57.56-removebg-preview.png","contentUrl":"https:\/\/lekuartelocations.com\/wp-content\/uploads\/2025\/02\/WhatsApp_Image_2025-02-13_at_14.57.56-removebg-preview.png","width":666,"height":375,"caption":"Lekuarte Locations"},"image":{"@id":"https:\/\/lekuartelocations.com\/#\/schema\/logo\/image\/"}}]}},"_links":{"self":[{"href":"https:\/\/lekuartelocations.com\/fr\/wp-json\/wp\/v2\/pages\/14","targetHints":{"allow":["GET"]}}],"collection":[{"href":"https:\/\/lekuartelocations.com\/fr\/wp-json\/wp\/v2\/pages"}],"about":[{"href":"https:\/\/lekuartelocations.com\/fr\/wp-json\/wp\/v2\/types\/page"}],"author":[{"embeddable":true,"href":"https:\/\/lekuartelocations.com\/fr\/wp-json\/wp\/v2\/users\/2"}],"replies":[{"embeddable":true,"href":"https:\/\/lekuartelocations.com\/fr\/wp-json\/wp\/v2\/comments?post=14"}],"version-history":[{"count":7,"href":"https:\/\/lekuartelocations.com\/fr\/wp-json\/wp\/v2\/pages\/14\/revisions"}],"predecessor-version":[{"id":786,"href":"https:\/\/lekuartelocations.com\/fr\/wp-json\/wp\/v2\/pages\/14\/revisions\/786"}],"wp:attachment":[{"href":"https:\/\/lekuartelocations.com\/fr\/wp-json\/wp\/v2\/media?parent=14"}],"curies":[{"name":"wp","href":"https:\/\/api.w.org\/{rel}","templated":true}]}}