{"id":74,"date":"2025-01-06T23:45:53","date_gmt":"2025-01-06T22:45:53","guid":{"rendered":"https:\/\/lekuartelocations.com\/?page_id=74"},"modified":"2025-02-04T05:15:37","modified_gmt":"2025-02-04T04:15:37","slug":"equipo","status":"publish","type":"page","link":"https:\/\/lekuartelocations.com\/fr\/equipo\/","title":{"rendered":"L'\u00e9quipe"},"content":{"rendered":"<style>.elementor-74 .elementor-element.elementor-element-78c4eb9{--display:flex;--flex-direction:column;--container-widget-width:100%;--container-widget-height:initial;--container-widget-flex-grow:0;--container-widget-align-self:initial;--flex-wrap-mobile:wrap;--overflow:hidden;--margin-top:0px;--margin-bottom:0px;--margin-left:0px;--margin-right:0px;--padding-top:5em;--padding-bottom:5em;--padding-left:0em;--padding-right:0em;}.elementor-74 .elementor-element.elementor-element-78c4eb9:not(.elementor-motion-effects-element-type-background), .elementor-74 .elementor-element.elementor-element-78c4eb9 > .elementor-motion-effects-container > .elementor-motion-effects-layer{background-color:var( --e-global-color-secondary );}.elementor-74 .elementor-element.elementor-element-a33abb2{--display:flex;--margin-top:0px;--margin-bottom:0px;--margin-left:0px;--margin-right:0px;--padding-top:0px;--padding-bottom:0px;--padding-left:0px;--padding-right:0px;}.elementor-74 .elementor-element.elementor-element-2a159be{text-align:center;}.elementor-74 .elementor-element.elementor-element-2a159be .elementor-heading-title{font-family:var( --e-global-typography-primary-font-family ), Sans-serif;font-size:var( --e-global-typography-primary-font-size );font-weight:var( --e-global-typography-primary-font-weight );text-transform:var( --e-global-typography-primary-text-transform );line-height:var( --e-global-typography-primary-line-height );}.elementor-74 .elementor-element.elementor-element-6eadf7c .elementor-icon-list-icon i{color:var( --e-global-color-primary );transition:color 0.3s;}.elementor-74 .elementor-element.elementor-element-6eadf7c .elementor-icon-list-icon svg{fill:var( --e-global-color-primary );transition:fill 0.3s;}.elementor-74 .elementor-element.elementor-element-6eadf7c{--e-icon-list-icon-size:14px;--icon-vertical-offset:0px;}.elementor-74 .elementor-element.elementor-element-6eadf7c .elementor-icon-list-text{color:var( --e-global-color-449782e );transition:color 0.3s;}.elementor-74 .elementor-element.elementor-element-6eadf7c .elementor-icon-list-item:hover .elementor-icon-list-text{color:var( --e-global-color-accent );}.elementor-74 .elementor-element.elementor-element-6cdd687{--display:flex;--flex-direction:column;--container-widget-width:100%;--container-widget-height:initial;--container-widget-flex-grow:0;--container-widget-align-self:initial;--flex-wrap-mobile:wrap;--overflow:hidden;--margin-top:0px;--margin-bottom:0px;--margin-left:0px;--margin-right:0px;--padding-top:5em;--padding-bottom:5em;--padding-left:0em;--padding-right:0em;}.elementor-74 .elementor-element.elementor-element-99dd3d2{--display:flex;--flex-direction:row;--container-widget-width:initial;--container-widget-height:100%;--container-widget-flex-grow:1;--container-widget-align-self:stretch;--flex-wrap-mobile:wrap;--margin-top:0px;--margin-bottom:0px;--margin-left:0px;--margin-right:0px;--padding-top:0px;--padding-bottom:0px;--padding-left:0px;--padding-right:0px;}.elementor-74 .elementor-element.elementor-element-7a54ab1{--display:flex;border-style:none;--border-style:none;--border-radius:20px 20px 20px 20px;--margin-top:0px;--margin-bottom:0px;--margin-left:0px;--margin-right:0px;}.elementor-74 .elementor-element.elementor-element-2ab2e59 .profile-card, .elementor-74 .elementor-element.elementor-element-2ab2e59 .profile-image-card{background-color:var( --e-global-color-accent );padding:20px 60px 20px 54px;border-radius:20px 20px 20px 20px;}.elementor-74 .elementor-element.elementor-element-2ab2e59 .profile-card:hover, .elementor-74 .elementor-element.elementor-element-2ab2e59 .profile-image-card:hover, .elementor-74 .elementor-element.elementor-element-2ab2e59 .profile-card::before, .elementor-74 .elementor-element.elementor-element-2ab2e59 .profile-image-card::before, .elementor-74 .elementor-element.elementor-element-2ab2e59 div .profile-card .profile-body::before, .elementor-74 .elementor-element.elementor-element-2ab2e59 .image-card-v3 .profile-image-card:after{background-color:var( --e-global-color-primary );}.elementor-74 .elementor-element.elementor-element-2ab2e59 .profile-body{padding:0px 0px 0px 0px;}.elementor-74 .elementor-element.elementor-element-2ab2e59 .ekit-wid-con .profile-square-v .profile-card .profile-body{padding:0px 0px 0px 0px;}.elementor-74 .elementor-element.elementor-element-2ab2e59 .profile-card .profile-header{margin:0px 0px 0px 0px;}.elementor-74 .elementor-element.elementor-element-2ab2e59 .ekit-team-img.profile-header > img{border-radius:50% 50% 50% 50%;}.elementor-74 .elementor-element.elementor-element-2ab2e59 .profile-body .profile-title{color:var( --e-global-color-fe47ba7 );}.elementor-74 .elementor-element.elementor-element-2ab2e59 .profile-body .profile-designation{color:var( --e-global-color-fe47ba7 );}.elementor-74 .elementor-element.elementor-element-2ab2e59 .profile-body .profile-content{color:var( --e-global-color-fe47ba7 );}.elementor-74 .elementor-element.elementor-element-9406c18{--display:flex;border-style:none;--border-style:none;--border-radius:20px 20px 20px 20px;--margin-top:0px;--margin-bottom:0px;--margin-left:0px;--margin-right:0px;}.elementor-74 .elementor-element.elementor-element-000c1f7 .profile-card, .elementor-74 .elementor-element.elementor-element-000c1f7 .profile-image-card{background-color:var( --e-global-color-accent );padding:20px 60px 20px 54px;border-radius:20px 20px 20px 20px;}.elementor-74 .elementor-element.elementor-element-000c1f7 .profile-card:hover, .elementor-74 .elementor-element.elementor-element-000c1f7 .profile-image-card:hover, .elementor-74 .elementor-element.elementor-element-000c1f7 .profile-card::before, .elementor-74 .elementor-element.elementor-element-000c1f7 .profile-image-card::before, .elementor-74 .elementor-element.elementor-element-000c1f7 div .profile-card .profile-body::before, .elementor-74 .elementor-element.elementor-element-000c1f7 .image-card-v3 .profile-image-card:after{background-color:var( --e-global-color-primary );}.elementor-74 .elementor-element.elementor-element-000c1f7 .profile-body{padding:0px 0px 0px 0px;}.elementor-74 .elementor-element.elementor-element-000c1f7 .ekit-wid-con .profile-square-v .profile-card .profile-body{padding:0px 0px 0px 0px;}.elementor-74 .elementor-element.elementor-element-000c1f7 .profile-card .profile-header{margin:0px 0px 0px 0px;}.elementor-74 .elementor-element.elementor-element-000c1f7 .ekit-team-img.profile-header > img{border-radius:50% 50% 50% 50%;}.elementor-74 .elementor-element.elementor-element-000c1f7 .profile-body .profile-title{color:var( --e-global-color-fe47ba7 );}.elementor-74 .elementor-element.elementor-element-000c1f7 .profile-body .profile-designation{color:var( --e-global-color-fe47ba7 );}.elementor-74 .elementor-element.elementor-element-000c1f7 .profile-body .profile-content{color:var( --e-global-color-fe47ba7 );}@media(max-width:1024px){.elementor-74 .elementor-element.elementor-element-78c4eb9{--padding-top:4em;--padding-bottom:4em;--padding-left:1em;--padding-right:1em;}.elementor-74 .elementor-element.elementor-element-a33abb2{--margin-top:0px;--margin-bottom:0px;--margin-left:0px;--margin-right:0px;}.elementor-74 .elementor-element.elementor-element-2a159be .elementor-heading-title{font-size:var( --e-global-typography-primary-font-size );line-height:var( --e-global-typography-primary-line-height );}.elementor-74 .elementor-element.elementor-element-6cdd687{--padding-top:4em;--padding-bottom:4em;--padding-left:1em;--padding-right:1em;}.elementor-74 .elementor-element.elementor-element-7a54ab1{--padding-top:20px;--padding-bottom:20px;--padding-left:20px;--padding-right:20px;}.elementor-74 .elementor-element.elementor-element-9406c18{--padding-top:20px;--padding-bottom:20px;--padding-left:20px;--padding-right:20px;}}@media(max-width:767px){.elementor-74 .elementor-element.elementor-element-a33abb2{--margin-top:0px;--margin-bottom:0px;--margin-left:0px;--margin-right:0px;}.elementor-74 .elementor-element.elementor-element-2a159be .elementor-heading-title{font-size:var( --e-global-typography-primary-font-size );line-height:var( --e-global-typography-primary-line-height );}.elementor-74 .elementor-element.elementor-element-7a54ab1{--padding-top:0px;--padding-bottom:0px;--padding-left:0px;--padding-right:0px;}.elementor-74 .elementor-element.elementor-element-9406c18{--padding-top:0px;--padding-bottom:0px;--padding-left:0px;--padding-right:0px;}}<\/style>\t\t<div data-elementor-type=\"wp-page\" data-elementor-id=\"74\" class=\"elementor elementor-74\" data-elementor-post-type=\"page\">\n\t\t\t\t<div class=\"elementor-element elementor-element-78c4eb9 e-flex e-con-boxed e-con e-parent\" data-id=\"78c4eb9\" data-element_type=\"container\" data-e-type=\"container\" data-settings=\"{&quot;background_background&quot;:&quot;video&quot;,&quot;background_video_link&quot;:&quot;https:\\\/\\\/www.youtube.com\\\/watch?v=rYx272cOHnk&quot;,&quot;background_play_on_mobile&quot;:&quot;yes&quot;}\">\n\t\t\t\t\t<div class=\"e-con-inner\">\n\t\t<div class=\"elementor-background-video-container\">\n\t\t\t\t\t\t\t<div class=\"elementor-background-video-embed\" role=\"presentation\"><\/div>\n\t\t\t\t\t\t<\/div><div class=\"elementor-element elementor-element-a33abb2 e-flex e-con-boxed e-con e-child\" data-id=\"a33abb2\" data-element_type=\"container\" data-e-type=\"container\">\n\t\t\t\t\t<div class=\"e-con-inner\">\n\t\t\t\t<div class=\"elementor-element elementor-element-6eadf7c elementor-icon-list--layout-inline elementor-align-center elementor-list-item-link-full_width elementor-widget elementor-widget-icon-list\" data-id=\"6eadf7c\" data-element_type=\"widget\" data-e-type=\"widget\" data-widget_type=\"icon-list.default\">\n\t\t\t\t<div class=\"elementor-widget-container\">\n\t\t\t\t\t\t\t<ul class=\"elementor-icon-list-items elementor-inline-items\">\n\t\t\t\t\t\t\t<li class=\"elementor-icon-list-item elementor-inline-item\">\n\t\t\t\t\t\t\t\t\t\t\t<a href=\"https:\/\/lekuartelocations.com\/fr\">\n\n\t\t\t\t\t\t\t\t\t\t\t<span class=\"elementor-icon-list-text\">Accueil<\/span>\n\t\t\t\t\t\t\t\t\t\t\t<\/a>\n\t\t\t\t\t\t\t\t\t<\/li>\n\t\t\t\t\t\t\t\t<li class=\"elementor-icon-list-item elementor-inline-item\">\n\t\t\t\t\t\t\t\t\t\t\t<span class=\"elementor-icon-list-icon\">\n\t\t\t\t\t\t\t<svg aria-hidden=\"true\" class=\"e-font-icon-svg e-fas-dot-circle\" viewbox=\"0 0 512 512\" xmlns=\"http:\/\/www.w3.org\/2000\/svg\"><path d=\"M256 8C119.033 8 8 119.033 8 256s111.033 248 248 248 248-111.033 248-248S392.967 8 256 8zm80 248c0 44.112-35.888 80-80 80s-80-35.888-80-80 35.888-80 80-80 80 35.888 80 80z\"><\/path><\/svg>\t\t\t\t\t\t<\/span>\n\t\t\t\t\t\t\t\t\t\t<span class=\"elementor-icon-list-text\"><\/span>\n\t\t\t\t\t\t\t\t\t<\/li>\n\t\t\t\t\t\t<\/ul>\n\t\t\t\t\t\t<\/div>\n\t\t\t\t<\/div>\n\t\t\t\t\t<\/div>\n\t\t\t\t<\/div>\n\t\t\t\t\t<\/div>\n\t\t\t\t<\/div>\n\t\t<div class=\"elementor-element elementor-element-6cdd687 e-flex e-con-boxed e-con e-parent\" data-id=\"6cdd687\" data-element_type=\"container\" data-e-type=\"container\">\n\t\t\t\t\t<div class=\"e-con-inner\">\n\t\t<div class=\"elementor-element elementor-element-99dd3d2 e-flex e-con-boxed e-con e-child\" data-id=\"99dd3d2\" data-element_type=\"container\" data-e-type=\"container\">\n\t\t\t\t\t<div class=\"e-con-inner\">\n\t\t<div class=\"elementor-element elementor-element-7a54ab1 e-flex e-con-boxed e-con e-child\" data-id=\"7a54ab1\" data-element_type=\"container\" data-e-type=\"container\">\n\t\t\t\t\t<div class=\"e-con-inner\">\n\t\t\t\t<div class=\"elementor-element elementor-element-2ab2e59 elementor-widget elementor-widget-elementskit-team\" data-id=\"2ab2e59\" data-element_type=\"widget\" data-e-type=\"widget\" data-widget_type=\"elementskit-team.default\">\n\t\t\t\t<div class=\"elementor-widget-container\">\n\t\t\t\t\t<div class=\"ekit-wid-con\">\t\t <div class=\"profile-square-v\"> \t\t\t\t\t\t\n\t\t<div class=\"profile-card elementor-animation- text-center ekit-team-style-centered_style\">\n\t\t\t\n\t\t\t\t<div class=\"profile-header ekit-team-img\" >\n\t\t\t\t\t\t\t\t\t<\/div><!-- .profile-header END -->\n\t\t\t\n\n\t\t\t\t<div class=\"profile-body\">\n\t\t\t\t\t\n\t\t\t\t\t<h2 class=\"profile-title\">\n\t\t\t\t\t\t\t\t\t\t\tPaula Morante\t\t\t\t\t\t\t\t\t\t<\/h2>\n\t\t\t\t\t<p class=\"profile-designation\">Chef de projet<\/p>\n\t\t\t\t\t\t\t\t\t\t<p class=\"profile-content\">\u00c9conomiste et artiste. L'esprit strat\u00e9gique qui guide chaque projet, pr\u00eat \u00e0 vous fournir des conseils d'expert sur les budgets, les subventions et les d\u00e9ductions d'honoraires.<\/p>\n\t\t\t\t\t\t\t\t\t<\/div><!-- .profile-body END -->\n\n\t\t\t\t\t\t\t\t<\/div>\n\t\t\t\t <\/div> \t\t\t\n\t\t\t\n\t\t\t\t<\/div>\t\t\t\t<\/div>\n\t\t\t\t<\/div>\n\t\t\t\t\t<\/div>\n\t\t\t\t<\/div>\n\t\t<div class=\"elementor-element elementor-element-9406c18 e-con-full e-flex e-con e-child\" data-id=\"9406c18\" data-element_type=\"container\" data-e-type=\"container\">\n\t\t\t\t<div class=\"elementor-element elementor-element-000c1f7 elementor-widget elementor-widget-elementskit-team\" data-id=\"000c1f7\" data-element_type=\"widget\" data-e-type=\"widget\" data-widget_type=\"elementskit-team.default\">\n\t\t\t\t<div class=\"elementor-widget-container\">\n\t\t\t\t\t<div class=\"ekit-wid-con\">\t\t <div class=\"profile-square-v\"> \t\t\t\t\t\t\n\t\t<div class=\"profile-card elementor-animation- text-center ekit-team-style-centered_style\">\n\t\t\t\n\t\t\t\t<div class=\"profile-header ekit-team-img\" >\n\t\t\t\t\t\t\t\t\t<\/div><!-- .profile-header END -->\n\t\t\t\n\n\t\t\t\t<div class=\"profile-body\">\n\t\t\t\t\t\n\t\t\t\t\t<h2 class=\"profile-title\">\n\t\t\t\t\t\t\t\t\t\t\tMar\u00eda Bartolom\u00e9\t\t\t\t\t\t\t\t\t\t<\/h2>\n\t\t\t\t\t<p class=\"profile-designation\">Responsable de site<\/p>\n\t\t\t\t\t\t\t\t\t\t<p class=\"profile-content\">Responsable des lieux de tournage et directrice artistique. Elle est l'\u0153il artistique de LekuArte, l'esprit cr\u00e9atif derri\u00e8re chaque lieu, pr\u00eate \u00e0 donner vie \u00e0 votre vision.<\/p>\n\t\t\t\t\t\t\t\t\t<\/div><!-- .profile-body END -->\n\n\t\t\t\t\t\t\t\t<\/div>\n\t\t\t\t <\/div> \t\t\t\n\t\t\t\n\t\t\t\t<\/div>\t\t\t\t<\/div>\n\t\t\t\t<\/div>\n\t\t\t\t<\/div>\n\t\t\t\t\t<\/div>\n\t\t\t\t<\/div>\n\t\t\t\t\t<\/div>\n\t\t\t\t<\/div>\n\t\t\t\t<\/div>","protected":false},"excerpt":{"rendered":"<p>Inicio Paula Morante Project manager Economista y artista. La mente estrat\u00e9gica que gu\u00eda cada proyecto, lista para brindarte asesoramiento experto en presupuestos, subvenciones y deducci\u00f3n de tasas. Mar\u00eda Bartolom\u00e9 Location Manager Location Manager y Directora de Arte. Es el ojo art\u00edstico de LekuArte, la mente creativa tras cada localizaci\u00f3n, lista para dar vida a tu [&hellip;]<\/p>\n","protected":false},"author":14,"featured_media":0,"parent":0,"menu_order":0,"comment_status":"closed","ping_status":"closed","template":"elementor_header_footer","meta":{"_joinchat":[],"footnotes":""},"class_list":["post-74","page","type-page","status-publish","hentry"],"yoast_head":"<!-- This site is optimized with the Yoast SEO plugin v26.8 - https:\/\/yoast.com\/product\/yoast-seo-wordpress\/ -->\n<title>Equipo - Lekuarte Locations<\/title>\n<meta name=\"robots\" content=\"index, follow, max-snippet:-1, max-image-preview:large, max-video-preview:-1\" \/>\n<link rel=\"canonical\" href=\"https:\/\/lekuartelocations.com\/fr\/equipo\/\" \/>\n<meta property=\"og:locale\" content=\"fr_FR\" \/>\n<meta property=\"og:type\" content=\"article\" \/>\n<meta property=\"og:title\" content=\"Equipo - Lekuarte Locations\" \/>\n<meta property=\"og:description\" content=\"Inicio Paula Morante Project manager Economista y artista. La mente estrat\u00e9gica que gu\u00eda cada proyecto, lista para brindarte asesoramiento experto en presupuestos, subvenciones y deducci\u00f3n de tasas. Mar\u00eda Bartolom\u00e9 Location Manager Location Manager y Directora de Arte. Es el ojo art\u00edstico de LekuArte, la mente creativa tras cada localizaci\u00f3n, lista para dar vida a tu [&hellip;]\" \/>\n<meta property=\"og:url\" content=\"https:\/\/lekuartelocations.com\/fr\/equipo\/\" \/>\n<meta property=\"og:site_name\" content=\"Lekuarte Locations\" \/>\n<meta property=\"article:modified_time\" content=\"2025-02-04T04:15:37+00:00\" \/>\n<meta name=\"twitter:card\" content=\"summary_large_image\" \/>\n<script type=\"application\/ld+json\" class=\"yoast-schema-graph\">{\"@context\":\"https:\/\/schema.org\",\"@graph\":[{\"@type\":\"WebPage\",\"@id\":\"https:\/\/lekuartelocations.com\/equipo\/\",\"url\":\"https:\/\/lekuartelocations.com\/equipo\/\",\"name\":\"Equipo - Lekuarte Locations\",\"isPartOf\":{\"@id\":\"https:\/\/lekuartelocations.com\/#website\"},\"datePublished\":\"2025-01-06T22:45:53+00:00\",\"dateModified\":\"2025-02-04T04:15:37+00:00\",\"breadcrumb\":{\"@id\":\"https:\/\/lekuartelocations.com\/equipo\/#breadcrumb\"},\"inLanguage\":\"fr-FR\",\"potentialAction\":[{\"@type\":\"ReadAction\",\"target\":[\"https:\/\/lekuartelocations.com\/equipo\/\"]}]},{\"@type\":\"BreadcrumbList\",\"@id\":\"https:\/\/lekuartelocations.com\/equipo\/#breadcrumb\",\"itemListElement\":[{\"@type\":\"ListItem\",\"position\":1,\"name\":\"Portada\",\"item\":\"https:\/\/lekuartelocations.com\/\"},{\"@type\":\"ListItem\",\"position\":2,\"name\":\"Equipo\"}]},{\"@type\":\"WebSite\",\"@id\":\"https:\/\/lekuartelocations.com\/#website\",\"url\":\"https:\/\/lekuartelocations.com\/\",\"name\":\"Lekuarte Locations\",\"description\":\"Donde el arte encuentra lugar\",\"publisher\":{\"@id\":\"https:\/\/lekuartelocations.com\/#organization\"},\"potentialAction\":[{\"@type\":\"SearchAction\",\"target\":{\"@type\":\"EntryPoint\",\"urlTemplate\":\"https:\/\/lekuartelocations.com\/?s={search_term_string}\"},\"query-input\":{\"@type\":\"PropertyValueSpecification\",\"valueRequired\":true,\"valueName\":\"search_term_string\"}}],\"inLanguage\":\"fr-FR\"},{\"@type\":\"Organization\",\"@id\":\"https:\/\/lekuartelocations.com\/#organization\",\"name\":\"Lekuarte Locations\",\"url\":\"https:\/\/lekuartelocations.com\/\",\"logo\":{\"@type\":\"ImageObject\",\"inLanguage\":\"fr-FR\",\"@id\":\"https:\/\/lekuartelocations.com\/#\/schema\/logo\/image\/\",\"url\":\"https:\/\/lekuartelocations.com\/wp-content\/uploads\/2025\/02\/WhatsApp_Image_2025-02-13_at_14.57.56-removebg-preview.png\",\"contentUrl\":\"https:\/\/lekuartelocations.com\/wp-content\/uploads\/2025\/02\/WhatsApp_Image_2025-02-13_at_14.57.56-removebg-preview.png\",\"width\":666,\"height\":375,\"caption\":\"Lekuarte Locations\"},\"image\":{\"@id\":\"https:\/\/lekuartelocations.com\/#\/schema\/logo\/image\/\"}}]}<\/script>\n<!-- \/ Yoast SEO plugin. -->","yoast_head_json":{"title":"Equipo - Lekuarte Locations","robots":{"index":"index","follow":"follow","max-snippet":"max-snippet:-1","max-image-preview":"max-image-preview:large","max-video-preview":"max-video-preview:-1"},"canonical":"https:\/\/lekuartelocations.com\/fr\/equipo\/","og_locale":"fr_FR","og_type":"article","og_title":"Equipo - Lekuarte Locations","og_description":"Inicio Paula Morante Project manager Economista y artista. La mente estrat\u00e9gica que gu\u00eda cada proyecto, lista para brindarte asesoramiento experto en presupuestos, subvenciones y deducci\u00f3n de tasas. Mar\u00eda Bartolom\u00e9 Location Manager Location Manager y Directora de Arte. Es el ojo art\u00edstico de LekuArte, la mente creativa tras cada localizaci\u00f3n, lista para dar vida a tu [&hellip;]","og_url":"https:\/\/lekuartelocations.com\/fr\/equipo\/","og_site_name":"Lekuarte Locations","article_modified_time":"2025-02-04T04:15:37+00:00","twitter_card":"summary_large_image","schema":{"@context":"https:\/\/schema.org","@graph":[{"@type":"WebPage","@id":"https:\/\/lekuartelocations.com\/equipo\/","url":"https:\/\/lekuartelocations.com\/equipo\/","name":"Equipo - Lekuarte Locations","isPartOf":{"@id":"https:\/\/lekuartelocations.com\/#website"},"datePublished":"2025-01-06T22:45:53+00:00","dateModified":"2025-02-04T04:15:37+00:00","breadcrumb":{"@id":"https:\/\/lekuartelocations.com\/equipo\/#breadcrumb"},"inLanguage":"fr-FR","potentialAction":[{"@type":"ReadAction","target":["https:\/\/lekuartelocations.com\/equipo\/"]}]},{"@type":"BreadcrumbList","@id":"https:\/\/lekuartelocations.com\/equipo\/#breadcrumb","itemListElement":[{"@type":"ListItem","position":1,"name":"Portada","item":"https:\/\/lekuartelocations.com\/"},{"@type":"ListItem","position":2,"name":"Equipo"}]},{"@type":"WebSite","@id":"https:\/\/lekuartelocations.com\/#website","url":"https:\/\/lekuartelocations.com\/","name":"Emplacements de Lekuarte","description":"Donde el arte encuentra lugar","publisher":{"@id":"https:\/\/lekuartelocations.com\/#organization"},"potentialAction":[{"@type":"SearchAction","target":{"@type":"EntryPoint","urlTemplate":"https:\/\/lekuartelocations.com\/?s={search_term_string}"},"query-input":{"@type":"PropertyValueSpecification","valueRequired":true,"valueName":"search_term_string"}}],"inLanguage":"fr-FR"},{"@type":"Organization","@id":"https:\/\/lekuartelocations.com\/#organization","name":"Emplacements de Lekuarte","url":"https:\/\/lekuartelocations.com\/","logo":{"@type":"ImageObject","inLanguage":"fr-FR","@id":"https:\/\/lekuartelocations.com\/#\/schema\/logo\/image\/","url":"https:\/\/lekuartelocations.com\/wp-content\/uploads\/2025\/02\/WhatsApp_Image_2025-02-13_at_14.57.56-removebg-preview.png","contentUrl":"https:\/\/lekuartelocations.com\/wp-content\/uploads\/2025\/02\/WhatsApp_Image_2025-02-13_at_14.57.56-removebg-preview.png","width":666,"height":375,"caption":"Lekuarte Locations"},"image":{"@id":"https:\/\/lekuartelocations.com\/#\/schema\/logo\/image\/"}}]}},"_links":{"self":[{"href":"https:\/\/lekuartelocations.com\/fr\/wp-json\/wp\/v2\/pages\/74","targetHints":{"allow":["GET"]}}],"collection":[{"href":"https:\/\/lekuartelocations.com\/fr\/wp-json\/wp\/v2\/pages"}],"about":[{"href":"https:\/\/lekuartelocations.com\/fr\/wp-json\/wp\/v2\/types\/page"}],"author":[{"embeddable":true,"href":"https:\/\/lekuartelocations.com\/fr\/wp-json\/wp\/v2\/users\/14"}],"replies":[{"embeddable":true,"href":"https:\/\/lekuartelocations.com\/fr\/wp-json\/wp\/v2\/comments?post=74"}],"version-history":[{"count":10,"href":"https:\/\/lekuartelocations.com\/fr\/wp-json\/wp\/v2\/pages\/74\/revisions"}],"predecessor-version":[{"id":709,"href":"https:\/\/lekuartelocations.com\/fr\/wp-json\/wp\/v2\/pages\/74\/revisions\/709"}],"wp:attachment":[{"href":"https:\/\/lekuartelocations.com\/fr\/wp-json\/wp\/v2\/media?parent=74"}],"curies":[{"name":"wp","href":"https:\/\/api.w.org\/{rel}","templated":true}]}}